{"id":21,"date":"2019-10-02T09:22:27","date_gmt":"2019-10-02T09:22:27","guid":{"rendered":"https:\/\/ecosmetiklab.fr\/?page_id=21"},"modified":"2020-08-19T13:11:28","modified_gmt":"2020-08-19T13:11:28","slug":"les-differents-ateliers","status":"publish","type":"page","link":"https:\/\/ecosmetiklab.fr\/?page_id=21","title":{"rendered":"Les diff\u00e9rents ateliers"},"content":{"rendered":"\n<p>Nous vous proposons plusieurs ateliers autour de diff\u00e9rents th\u00e8mes. Il est bien \u00e9videmment possible de les mixer suivant vos envies ! <\/p>\n\n\n\n<p>Pour chaque th\u00e8me les produits ci-dessous seront fabriqu\u00e9s :<\/p>\n\n\n\n<p><strong>Z\u00e9ro d\u00e9chet<\/strong> : shampooing solide + d\u00e9odorant solide<\/p>\n\n\n\n<p><strong>Soin du visage<\/strong> : cr\u00e8me visage + baume \u00e0 l\u00e8vres<\/p>\n\n\n\n<p><strong>Hygi\u00e8ne<\/strong>&nbsp;: dentifrice (en poudre ou solide au choix) + gel douche<\/p>\n\n\n\n<p><strong>Produits m\u00e9nagers<\/strong>&nbsp;: lessive + nettoyant multi-usages<\/p>\n\n\n\n<p><strong>Pour les b\u00e9b\u00e9s<\/strong>&nbsp;: liniment + gel nettoyant doux<\/p>\n\n\n\n<p><strong>Sp\u00e9cial enfant<\/strong> :bombe de bain  + gel douche<\/p>\n\n\n\n<p><strong>Fabrication de savons (saponification \u00e0 froid) <\/strong>: fabrication d&rsquo;un pain de savon de 250g correspondant \u00e0 2 savons classiques. Attention cet atelier est r\u00e9serv\u00e9 aux personnes majeures et comporte 6 personnes au maximum !<\/p>\n\n\n\n<p>A la fin de l&rsquo;atelier, vous repartez avec les  produits cosm\u00e9tiques fabriqu\u00e9s, les recettes pour les reproduire chez vous et les fiches ingr\u00e9dients donnant les propri\u00e9t\u00e9s de chaque ingr\u00e9dient utilis\u00e9.<\/p>\n\n\n\n<p>Les contenants fournis sont r\u00e9utilisables et lavables au lave-vaisselle pour vous permettre de facilement refaire les formules vues lors de l&rsquo;atelier.<\/p>\n\n\n\n<p>Enterrement de vie de jeune fille, baby shower ou s\u00e9minaire d&rsquo;entreprise ? <\/p>\n\n\n\n<p>Nous pouvons cr\u00e9er un programme sp\u00e9cifique pour ce type d\u2019occasions, n\u2019h\u00e9sitez pas \u00e0 nous contacter&nbsp;!<\/p>\n","protected":false},"excerpt":{"rendered":"<p>Nous vous proposons plusieurs ateliers autour de diff\u00e9rents th\u00e8mes. Il est bien \u00e9videmment possible de les mixer suivant vos envies ! Pour chaque th\u00e8me les produits ci-dessous seront fabriqu\u00e9s : Z\u00e9ro d\u00e9chet : shampooing solide + d\u00e9odorant solide Soin du visage : cr\u00e8me visage + baume \u00e0 l\u00e8vres Hygi\u00e8ne&nbsp;: dentifrice (en poudre ou solide au &hellip; <\/p>\n<p class=\"link-more\"><a href=\"https:\/\/ecosmetiklab.fr\/?page_id=21\" class=\"more-link\">Continuer la lecture<span class=\"screen-reader-text\"> de &laquo;&nbsp;Les diff\u00e9rents ateliers&nbsp;&raquo;<\/span><\/a><\/p>\n","protected":false},"author":1,"featured_media":18,"parent":0,"menu_order":0,"comment_status":"closed","ping_status":"closed","template":"","meta":{"footnotes":""},"class_list":["post-21","page","type-page","status-publish","has-post-thumbnail","hentry"],"_links":{"self":[{"href":"https:\/\/ecosmetiklab.fr\/index.php?rest_route=\/wp\/v2\/pages\/21","targetHints":{"allow":["GET"]}}],"collection":[{"href":"https:\/\/ecosmetiklab.fr\/index.php?rest_route=\/wp\/v2\/pages"}],"about":[{"href":"https:\/\/ecosmetiklab.fr\/index.php?rest_route=\/wp\/v2\/types\/page"}],"author":[{"embeddable":true,"href":"https:\/\/ecosmetiklab.fr\/index.php?rest_route=\/wp\/v2\/users\/1"}],"replies":[{"embeddable":true,"href":"https:\/\/ecosmetiklab.fr\/index.php?rest_route=%2Fwp%2Fv2%2Fcomments&post=21"}],"version-history":[{"count":8,"href":"https:\/\/ecosmetiklab.fr\/index.php?rest_route=\/wp\/v2\/pages\/21\/revisions"}],"predecessor-version":[{"id":119,"href":"https:\/\/ecosmetiklab.fr\/index.php?rest_route=\/wp\/v2\/pages\/21\/revisions\/119"}],"wp:featuredmedia":[{"embeddable":true,"href":"https:\/\/ecosmetiklab.fr\/index.php?rest_route=\/wp\/v2\/media\/18"}],"wp:attachment":[{"href":"https:\/\/ecosmetiklab.fr\/index.php?rest_route=%2Fwp%2Fv2%2Fmedia&parent=21"}],"curies":[{"name":"wp","href":"https:\/\/api.w.org\/{rel}","templated":true}]}}