{"id":64,"date":"2020-01-08T11:16:35","date_gmt":"2020-01-08T11:16:35","guid":{"rendered":"https:\/\/ecosmetiklab.fr\/?page_id=64"},"modified":"2020-08-19T13:01:13","modified_gmt":"2020-08-19T13:01:13","slug":"le-principe","status":"publish","type":"page","link":"https:\/\/ecosmetiklab.fr\/?page_id=64","title":{"rendered":"Le principe"},"content":{"rendered":"\n<p class=\"has-text-align-center has-very-dark-gray-color has-text-color\">Nous nous d\u00e9pla\u00e7ons chez vous, que ce soit pour une occasion sp\u00e9ciale (enterrement de vie de jeune fille, baby shower, anniversaires, &#8230;) ou tout simplement pour partager une exp\u00e9rience unique et enrichissante avec vos amis.<\/p>\n\n\n\n<p class=\"has-text-align-center\">Nous proposons  des ateliers sp\u00e9cifiques pour les enfants, qu&rsquo;ils peuvent r\u00e9aliser soit tout seuls (\u00e0 partir de 8 ans) soit \u00e0 4 mains (ateliers parents-enfants).<\/p>\n\n\n\n<p class=\"has-text-align-center\">Chaque atelier dure environ 2 heures et permet la r\u00e9alisation de 2 produits.<\/p>\n\n\n\n<p class=\"has-text-align-center\">Des ateliers publics sont r\u00e9guli\u00e8rement organis\u00e9s dans diff\u00e9rents lieux (inscriptions et infos disponibles sur la page Facebook d&rsquo;Ecosm\u00e9tiK Lab). Lors de ces ateliers,  un seul produit sera r\u00e9alis\u00e9, suivant un th\u00e8me pr\u00e9vu \u00e0 l&rsquo;avance.<\/p>\n\n\n\n<p class=\"has-text-align-center\">Un atelier comporte entre 3 et 8 participants, sauf pour l&rsquo;atelier saponification, qui est limit\u00e9 \u00e0 6 participants.<\/p>\n\n\n\n<p class=\"has-text-align-center\"><strong>Comment se passent les ateliers ?<\/strong><\/p>\n\n\n\n<p class=\"has-text-align-center\">Une fois sur place, nous vous pr\u00e9sentons les recettes qui vont \u00eatre r\u00e9alis\u00e9es, les propri\u00e9t\u00e9s des diff\u00e9rents ingr\u00e9dients, les r\u00e8gles (hygi\u00e8ne, s\u00e9curit\u00e9) \u00e0 respecter&#8230;<\/p>\n\n\n\n<p class=\"has-text-align-center\">Puis c&rsquo;est le moment de se lancer ! En suivant les instructions de votre formatrice, vous r\u00e9alisez pas \u00e0 pas les diff\u00e9rentes \u00e9tapes de fabrication.<\/p>\n\n\n\n<p class=\"has-text-align-center\">Et voil\u00e0, vous avez fabriqu\u00e9 <strong>votre premier cosm\u00e9tique<\/strong> ou produit m\u00e9nager naturel maison ! <\/p>\n\n\n\n<p class=\"has-text-align-center\">A la fin de l&rsquo;atelier, vous repartez avec <strong>1 ou<\/strong> <strong>2 produits<\/strong> que vous avez fabriqu\u00e9s vous-m\u00eame, ainsi que les recettes pour les reproduire chez vous et les fiches explicatives des ingr\u00e9dients utilis\u00e9s.<\/p>\n\n\n\n<p class=\"has-text-align-center\"><\/p>\n\n\n\n<p class=\"has-text-align-center\">Nous fournissons tout le mat\u00e9riel n\u00e9cessaire ainsi que les mati\u00e8res premi\u00e8res. <\/p>\n\n\n\n<p><\/p>\n\n\n\n<p class=\"has-text-align-center\"><strong>Informations CoVID : Important !<\/strong> Lors des ateliers publics, le port du masque sera demand\u00e9. Pour les ateliers \u00e0 domicile, je serai masqu\u00e9e afin de vous prot\u00e9ger au mieux.<br>Du gel hydro-alcoolique sera \u00e0 disposition des participants.<\/p>\n","protected":false},"excerpt":{"rendered":"<p>Nous nous d\u00e9pla\u00e7ons chez vous, que ce soit pour une occasion sp\u00e9ciale (enterrement de vie de jeune fille, baby shower, anniversaires, &#8230;) ou tout simplement pour partager une exp\u00e9rience unique et enrichissante avec vos amis. Nous proposons des ateliers sp\u00e9cifiques pour les enfants, qu&rsquo;ils peuvent r\u00e9aliser soit tout seuls (\u00e0 partir de 8 ans) soit &hellip; <\/p>\n<p class=\"link-more\"><a href=\"https:\/\/ecosmetiklab.fr\/?page_id=64\" class=\"more-link\">Continuer la lecture<span class=\"screen-reader-text\"> de &laquo;&nbsp;Le principe&nbsp;&raquo;<\/span><\/a><\/p>\n","protected":false},"author":1,"featured_media":55,"parent":0,"menu_order":0,"comment_status":"closed","ping_status":"closed","template":"","meta":{"footnotes":""},"class_list":["post-64","page","type-page","status-publish","has-post-thumbnail","hentry"],"_links":{"self":[{"href":"https:\/\/ecosmetiklab.fr\/index.php?rest_route=\/wp\/v2\/pages\/64","targetHints":{"allow":["GET"]}}],"collection":[{"href":"https:\/\/ecosmetiklab.fr\/index.php?rest_route=\/wp\/v2\/pages"}],"about":[{"href":"https:\/\/ecosmetiklab.fr\/index.php?rest_route=\/wp\/v2\/types\/page"}],"author":[{"embeddable":true,"href":"https:\/\/ecosmetiklab.fr\/index.php?rest_route=\/wp\/v2\/users\/1"}],"replies":[{"embeddable":true,"href":"https:\/\/ecosmetiklab.fr\/index.php?rest_route=%2Fwp%2Fv2%2Fcomments&post=64"}],"version-history":[{"count":8,"href":"https:\/\/ecosmetiklab.fr\/index.php?rest_route=\/wp\/v2\/pages\/64\/revisions"}],"predecessor-version":[{"id":117,"href":"https:\/\/ecosmetiklab.fr\/index.php?rest_route=\/wp\/v2\/pages\/64\/revisions\/117"}],"wp:featuredmedia":[{"embeddable":true,"href":"https:\/\/ecosmetiklab.fr\/index.php?rest_route=\/wp\/v2\/media\/55"}],"wp:attachment":[{"href":"https:\/\/ecosmetiklab.fr\/index.php?rest_route=%2Fwp%2Fv2%2Fmedia&parent=64"}],"curies":[{"name":"wp","href":"https:\/\/api.w.org\/{rel}","templated":true}]}}