{"id":8,"date":"2019-10-02T09:22:27","date_gmt":"2019-10-02T09:22:27","guid":{"rendered":"https:\/\/ecosmetiklab.fr\/?page_id=8"},"modified":"2020-01-08T15:20:05","modified_gmt":"2020-01-08T15:20:05","slug":"accueil","status":"publish","type":"page","link":"https:\/\/ecosmetiklab.fr\/","title":{"rendered":"Accueil"},"content":{"rendered":"<p style=\"text-align: center;\">Vous voulez savoir ce que contiennent les produits m\u00e9nagers et cosm\u00e9tiques que vous utilisez au quotidien, utiliser des produits\u00a0 <strong>\u00e9cologiques<\/strong> pour prot\u00e9ger votre sant\u00e9 et la plan\u00e8te ?<br \/>Vous \u00eates engag\u00e9 dans une d\u00e9marche <strong>z\u00e9ro d\u00e9chet<\/strong> ou vous souhaitez\u00a0 r\u00e9duire vos d\u00e9chets inutiles ?<br \/>Vous voulez faire des \u00e9conomies et faire du bien \u00e0 la plan\u00e8te ?<\/p>\n<p style=\"text-align: center;\">Tout cela est possible gr\u00e2ce aux ateliers <strong>Ecosm\u00e9tiK Lab<\/strong>\u00a0!<\/p>\n<p style=\"text-align: center;\"><strong>Ecosm\u00e9tiK Lab<\/strong> vous propose des ateliers durant lesquels vous pourrez apprendre \u00e0 fabriquer vous-m\u00eame vos produits cosm\u00e9tiques et d\u2019entretien. C\u2019est ludique, \u00e9conomique et facile !<br \/>Avec nous, vous apprendrez \u00e0 r\u00e9aliser l\u2019ensemble des produits que vous utilisez au quotidien, de fa\u00e7on \u00e0 pouvoir les refaire ensuite chez vous, \u00e0 l\u2019aide d&rsquo;ingr\u00e9dients naturels et sans impact sur la plan\u00e8te.<\/p>\n<p>\u00a0<\/p>\n\n\n<div class=\"wp-block-image\"><figure class=\"alignleft is-resized\"><img loading=\"lazy\" decoding=\"async\" src=\"https:\/\/ecosmetiklab.fr\/wp-content\/uploads\/2019\/10\/cropped-IMG_20190306_151634-768x836.jpg\" alt=\"\" class=\"wp-image-41\" width=\"545\" height=\"593\" srcset=\"https:\/\/ecosmetiklab.fr\/wp-content\/uploads\/2019\/10\/cropped-IMG_20190306_151634-768x836.jpg 768w, https:\/\/ecosmetiklab.fr\/wp-content\/uploads\/2019\/10\/cropped-IMG_20190306_151634-768x836-276x300.jpg 276w\" sizes=\"auto, (max-width: 545px) 100vw, 545px\" \/><\/figure><\/div>\n","protected":false},"excerpt":{"rendered":"<p>Vous voulez savoir ce que contiennent les produits m\u00e9nagers et cosm\u00e9tiques que vous utilisez au quotidien, utiliser des produits\u00a0 \u00e9cologiques pour prot\u00e9ger votre sant\u00e9 et la plan\u00e8te ?Vous \u00eates engag\u00e9 dans une d\u00e9marche z\u00e9ro d\u00e9chet ou vous souhaitez\u00a0 r\u00e9duire vos d\u00e9chets inutiles ?Vous voulez faire des \u00e9conomies et faire du bien \u00e0 la plan\u00e8te ? &hellip; <\/p>\n<p class=\"link-more\"><a href=\"https:\/\/ecosmetiklab.fr\/\" class=\"more-link\">Continuer la lecture<span class=\"screen-reader-text\"> de &laquo;&nbsp;Accueil&nbsp;&raquo;<\/span><\/a><\/p>\n","protected":false},"author":1,"featured_media":0,"parent":0,"menu_order":0,"comment_status":"closed","ping_status":"closed","template":"","meta":{"footnotes":""},"class_list":["post-8","page","type-page","status-publish","hentry"],"_links":{"self":[{"href":"https:\/\/ecosmetiklab.fr\/index.php?rest_route=\/wp\/v2\/pages\/8","targetHints":{"allow":["GET"]}}],"collection":[{"href":"https:\/\/ecosmetiklab.fr\/index.php?rest_route=\/wp\/v2\/pages"}],"about":[{"href":"https:\/\/ecosmetiklab.fr\/index.php?rest_route=\/wp\/v2\/types\/page"}],"author":[{"embeddable":true,"href":"https:\/\/ecosmetiklab.fr\/index.php?rest_route=\/wp\/v2\/users\/1"}],"replies":[{"embeddable":true,"href":"https:\/\/ecosmetiklab.fr\/index.php?rest_route=%2Fwp%2Fv2%2Fcomments&post=8"}],"version-history":[{"count":7,"href":"https:\/\/ecosmetiklab.fr\/index.php?rest_route=\/wp\/v2\/pages\/8\/revisions"}],"predecessor-version":[{"id":76,"href":"https:\/\/ecosmetiklab.fr\/index.php?rest_route=\/wp\/v2\/pages\/8\/revisions\/76"}],"wp:attachment":[{"href":"https:\/\/ecosmetiklab.fr\/index.php?rest_route=%2Fwp%2Fv2%2Fmedia&parent=8"}],"curies":[{"name":"wp","href":"https:\/\/api.w.org\/{rel}","templated":true}]}}